{"id":2,"date":"2007-06-26T16:31:52","date_gmt":"2007-06-26T15:31:52","guid":{"rendered":""},"modified":"2023-11-24T18:55:06","modified_gmt":"2023-11-24T17:55:06","slug":"impressum","status":"publish","type":"page","link":"https:\/\/www.ccpeine.de\/?page_id=2","title":{"rendered":"Impressum"},"content":{"rendered":"<p>Betreiber:<\/p>\n<p>Fa.<br \/>\n<strong>Ullrich-IT-Consult<\/strong><br \/>\nInh.: Hans-J. Ullrich<br \/>\nKreuzriethe 16<br \/>\n31234 Abbensen<\/p>\n<p>Telefon: +49 179 3666 059<br \/>\nE-Mail: hans.ullrich(at)loop.de<br \/>\nURL: http:\/\/www.ccpeine.de<\/p>\n<p>Inhaltlich verantwortlich gem\u00e4\u00df \u00a7 6 TDG: Hans-J. Ullrich<\/p>\n<p>Copyright<br \/>\n\u00a9 Hans-J. Ullrich<br \/>\nAlle Rechte vorbehalten.<br \/>\nDer Betreiber erteilt die Erlaubnis, alle auf seinen Internetseiten erscheinenden Inhalte zur Informationsgewinnung des Anwenders zu nutzen und zu kopieren bzw. einen Ausdruck zu erstellen.<br \/>\nF\u00fcr eine gewerbliche Nutzung gilt dies nur nach einer vorher schriftlich erteilten Zustimmung des Betreibers.<br \/>\nLayout und Gestaltung dieser Pr\u00e4sentation sowie die enthaltenen Informationen sind gem\u00e4\u00df dem Urheberrechtsgesetz gesch\u00fctzt.<br \/>\nDas ist auch zu beachten, wenn auf diesen Internetseiten erscheinende Materialien Dritter zur Informationsgewinnung verwendet oder kopiert werden.<br \/>\nEingetragene und nicht eingetragene Markenzeichen des Betreibers d\u00fcrfen nicht ohne vorherige schriftliche Zustimmung verwendet werden.<br \/>\nAlle Angaben erfolgen ohne Gew\u00e4hr. Eine Haftung f\u00fcr Sch\u00e4den, die sich aus der Verwendung der ver\u00f6ffentlichten Inhalte ergeben, ist ausgeschlossen.<\/p>\n","protected":false},"excerpt":{"rendered":"<p>Betreiber: Fa. Ullrich-IT-Consult Inh.: Hans-J. Ullrich Kreuzriethe 16 31234 Abbensen Telefon: +49 179 3666 059 E-Mail: hans.ullrich(at)loop.de URL: http:\/\/www.ccpeine.de Inhaltlich verantwortlich gem\u00e4\u00df \u00a7 6 TDG: Hans-J. Ullrich Copyright \u00a9 Hans-J. Ullrich Alle Rechte vorbehalten. Der Betreiber erteilt die Erlaubnis, alle auf seinen Internetseiten erscheinenden Inhalte zur Informationsgewinnung des Anwenders zu nutzen und zu kopieren bzw. [&hellip;]<\/p>\n","protected":false},"author":1,"featured_media":0,"parent":0,"menu_order":0,"comment_status":"closed","ping_status":"closed","template":"","meta":{"footnotes":""},"class_list":["post-2","page","type-page","status-publish","hentry"],"_links":{"self":[{"href":"https:\/\/www.ccpeine.de\/index.php?rest_route=\/wp\/v2\/pages\/2","targetHints":{"allow":["GET"]}}],"collection":[{"href":"https:\/\/www.ccpeine.de\/index.php?rest_route=\/wp\/v2\/pages"}],"about":[{"href":"https:\/\/www.ccpeine.de\/index.php?rest_route=\/wp\/v2\/types\/page"}],"author":[{"embeddable":true,"href":"https:\/\/www.ccpeine.de\/index.php?rest_route=\/wp\/v2\/users\/1"}],"replies":[{"embeddable":true,"href":"https:\/\/www.ccpeine.de\/index.php?rest_route=%2Fwp%2Fv2%2Fcomments&post=2"}],"version-history":[{"count":0,"href":"https:\/\/www.ccpeine.de\/index.php?rest_route=\/wp\/v2\/pages\/2\/revisions"}],"wp:attachment":[{"href":"https:\/\/www.ccpeine.de\/index.php?rest_route=%2Fwp%2Fv2%2Fmedia&parent=2"}],"curies":[{"name":"wp","href":"https:\/\/api.w.org\/{rel}","templated":true}]}}