{"id":67,"date":"2011-10-02T15:21:52","date_gmt":"2011-10-02T13:21:52","guid":{"rendered":"http:\/\/www.ccpeine.de\/?page_id=67"},"modified":"2025-10-24T12:02:28","modified_gmt":"2025-10-24T11:02:28","slug":"termine","status":"publish","type":"page","link":"https:\/\/www.ccpeine.de\/?page_id=67","title":{"rendered":"Aktuelles"},"content":{"rendered":"<p><strong><a href=\"https:\/\/www.ccpeine.de\/wp-content\/uploads\/2008\/12\/datac.png\"><img loading=\"lazy\" decoding=\"async\" class=\" wp-image-876 alignright\" src=\"https:\/\/www.ccpeine.de\/wp-content\/uploads\/2008\/12\/datac.png\" alt=\"\" width=\"118\" height=\"117\" \/><\/a><span style=\"font-size: 14pt;\">\u201cIT-Sicherheit bringt <em><u>KEIN Programm<\/u><\/em>\u00a0 &#8211; IT-Sicherheit bringt ein <em><u>KONZEPT!<\/u><\/em>\u201d<\/span><\/strong><\/p>\n<p>Unter diesem Motto biete ich (<strong>nach Terminabsprache)<\/strong> einen <strong>spannenden Informationsabend<\/strong> f\u00fcr alle an, f\u00fcr die mehr zum Thema <strong>\u00a0IT-Sicherheit<\/strong> wissen m\u00f6chten. In lockerer Atmosph\u00e4re werden Ihnen in <strong>verst\u00e4ndlicher<\/strong> Weise Fragen beantwortet, wie &#8222;Wer sind die Hacker?&#8220; &#8222;<strong>Wie schaffen die das immer wieder?<\/strong>&#8220; oder &#8222;<strong>Worauf muss ich als Entscheider achten?<\/strong>&#8220; Die speziell f\u00fcr Anf\u00e4nger verst\u00e4ndlich gehaltene Vortragsart der Pr\u00e4sentation kann nat\u00fcrlich kein L\u00f6sungskonzept f\u00fcr die IT-Sicherheit in Ihrem Unternehmen geliefert werden, aber Sie werden mit Sicherheit <strong>viele wertvolle Informationen<\/strong> auch f\u00fcr <strong>Ihr pers\u00f6nliches Netzwerk<\/strong> mit nach Hause nehmen. Sie erfahren, warum wir Profis die Virenscanner als <strong>&#8222;Schlangen-\u00d6l&#8220;<\/strong> bezeichnen, warum viele Firewalls nicht wirklich was taugen und stelle Ihnen <strong>einige <span style=\"color: #ff0000;\">echte<\/span> Bedrohungen<\/strong> vor. Vielleicht m\u00f6chten Sie gern einmal wissen m\u00f6chten, woher z.B. Ihr Nachbar oder Arbeitskollege z.B. Ihre Passw\u00f6rter, den Inhalt Ihrer E-Mails kennt, wie sicher oder unsicher WLAN tats\u00e4chlich ist oder wie einfach ein Windows-PCs zu knacken ist? Wenn Sie au\u00dferdem wissen m\u00f6chten, worauf Sie in Ihrer Unternehmens-IT achten sollten usw., dann freue ich mich auf einen <strong>interessanten\u00a0Abend<\/strong> mit Ihnen.<\/p>\n<p>Um entsprechend planen zu k\u00f6nnen (Raum mieten, Zeitpunkt festlegen etc.), m\u00f6chte ich Sie um eine <strong>verbindliche<\/strong> Teilnahmebest\u00e4tigung mit <strong>Ihrer Erreichbarkeit<\/strong> bitten. Sie werden in diesem Fall selbstverst\u00e4ndlich rechtzeitig (<strong>mindestens 14 Tage vorher<\/strong>) \u00fcber den festgesetzten Termin und Veranstaltungsort informiert.<\/p>\n<p><strong>Auf Wunsch kann diese Pr\u00e4sentation nat\u00fcrlich auch <\/strong> <strong>gerne<\/strong><strong> in den R\u00e4umlichkeiten Ihres Unternehmens f\u00fcr Sie und Ihre Mitarbeiter bei mehr als 10 Teilnehmern durchgef\u00fchrt werden. <\/strong> <strong>(Kosten. 8,- \/ Teilnehmer. Bitte vorher Termin vereinbaren)<\/strong><\/p>\n<p><strong>U<\/strong><strong>nabh\u00e4ngig davon stehe ich Ihnen nat\u00fcrlich ebenso<\/strong><strong> jederzeit mit meiner Fachkompetenz zu Ihren pers\u00f6nlichen Fragen zum Thema &#8222;IT-Sicherheit&#8220; zur Verf\u00fcgung. <\/strong><\/p>\n<p>F\u00fcr weitere Fragen, W\u00fcnsche oder Terminvereinbarungen kontaktieren Sie mich bitte gern unter meinen aktuellen <a href=\"https:\/\/www.ccpeine.de\/?page_id=9\"><strong><span style=\"font-size: 14pt; color: #993300;\">Kontaktdaten (klick).<\/span><\/strong><\/a><\/p>\n<p><strong>Zusammenfassung:<\/strong><\/p>\n<p><em>Vortrag: &#8222;IT-Sicherheit &#8211; die Techniken der Hacker&#8220;<\/em><\/p>\n<p>Zielgruppe:<\/p>\n<ul>\n<li><strong>Entscheider<\/strong> von Unternehmen z.B. <strong>Gesch\u00e4ftsf\u00fchrer<\/strong> oder <strong>Abteilungsleiter<\/strong>, die beruflich weniger mit der Technik in Ber\u00fchrung kommen.<\/li>\n<li><strong>Administratoren<\/strong>, die noch wenig oder gar keine Ahnung von IT-Sicherheit haben (inbesondere <strong>Microsoft-Admins!<\/strong>).<\/li>\n<li><strong>Mitarbeiter<\/strong> von Unternehmen, die <strong>mit Computern arbeiten<\/strong> m\u00fcssen.<\/li>\n<li><strong>Privatleute<\/strong>, f\u00fcr die dieses Thema interessant und wichtig ist, und die sich gerne einmal <strong>rundum informieren<\/strong> m\u00f6chten.<\/li>\n<li><strong>Alle<\/strong>, die sich mit dieser Thematik<strong> noch gar nicht auskennen<\/strong>, aber in diese <strong>einsteigen<\/strong> m\u00f6chten.<\/li>\n<\/ul>\n<p>Kosten: 8,- \/ Teilnehmer (Mindestanzahl: 10 Teilnehmer)<\/p>\n<p>Ich freue mich auf Sie!<\/p>\n<p>Beste Gr\u00fc\u00dfe<\/p>\n<p>Hans-J. Ullrich (Ullrich-IT-Consult, admin)<\/p>\n","protected":false},"excerpt":{"rendered":"<p>\u201cIT-Sicherheit bringt KEIN Programm\u00a0 &#8211; IT-Sicherheit bringt ein KONZEPT!\u201d Unter diesem Motto biete ich (nach Terminabsprache) einen spannenden Informationsabend f\u00fcr alle an, f\u00fcr die mehr zum Thema \u00a0IT-Sicherheit wissen m\u00f6chten. In lockerer Atmosph\u00e4re werden Ihnen in verst\u00e4ndlicher Weise Fragen beantwortet, wie &#8222;Wer sind die Hacker?&#8220; &#8222;Wie schaffen die das immer wieder?&#8220; oder &#8222;Worauf muss ich [&hellip;]<\/p>\n","protected":false},"author":1,"featured_media":0,"parent":0,"menu_order":0,"comment_status":"closed","ping_status":"closed","template":"","meta":{"footnotes":""},"class_list":["post-67","page","type-page","status-publish","hentry"],"_links":{"self":[{"href":"https:\/\/www.ccpeine.de\/index.php?rest_route=\/wp\/v2\/pages\/67","targetHints":{"allow":["GET"]}}],"collection":[{"href":"https:\/\/www.ccpeine.de\/index.php?rest_route=\/wp\/v2\/pages"}],"about":[{"href":"https:\/\/www.ccpeine.de\/index.php?rest_route=\/wp\/v2\/types\/page"}],"author":[{"embeddable":true,"href":"https:\/\/www.ccpeine.de\/index.php?rest_route=\/wp\/v2\/users\/1"}],"replies":[{"embeddable":true,"href":"https:\/\/www.ccpeine.de\/index.php?rest_route=%2Fwp%2Fv2%2Fcomments&post=67"}],"version-history":[{"count":10,"href":"https:\/\/www.ccpeine.de\/index.php?rest_route=\/wp\/v2\/pages\/67\/revisions"}],"predecessor-version":[{"id":2376,"href":"https:\/\/www.ccpeine.de\/index.php?rest_route=\/wp\/v2\/pages\/67\/revisions\/2376"}],"wp:attachment":[{"href":"https:\/\/www.ccpeine.de\/index.php?rest_route=%2Fwp%2Fv2%2Fmedia&parent=67"}],"curies":[{"name":"wp","href":"https:\/\/api.w.org\/{rel}","templated":true}]}}